{"id":4761,"date":"2026-02-18T18:38:01","date_gmt":"2026-02-18T18:38:01","guid":{"rendered":"https:\/\/grupopresidente.com.ar\/hub-de-negocios\/"},"modified":"2026-03-16T18:55:20","modified_gmt":"2026-03-16T18:55:20","slug":"hub-de-negocios","status":"publish","type":"page","link":"https:\/\/grupopresidente.com.ar\/pt-br\/hub-de-negocios\/","title":{"rendered":"Hub de Neg\u00f3cios"},"content":{"rendered":"\t\t<div data-elementor-type=\"wp-page\" data-elementor-id=\"4761\" class=\"elementor elementor-4761 elementor-265\" data-elementor-post-type=\"page\">\n\t\t\t\t<div class=\"elementor-element elementor-element-821cf7d e-con-full e-flex e-con e-parent\" data-id=\"821cf7d\" data-element_type=\"container\" data-e-type=\"container\">\n\t\t\t\t<div class=\"elementor-element elementor-element-2eb76a5c elementor-widget elementor-widget-wpr-showcase-slider\" data-id=\"2eb76a5c\" data-element_type=\"widget\" data-e-type=\"widget\" data-widget_type=\"wpr-showcase-slider.default\">\n\t\t\t\t<div class=\"elementor-widget-container\">\n\t\t\t\t\t\n        \n            <div class=\"letter-showcase section\">\n                <div class=\"swiper letter-showcase__slider\">\n                    <div class=\"swiper-wrapper\">\n                                                    <!-- Slide Content -->\n                            <div class=\"swiper-slide\">\n                                <div class=\"slide-content\">\n                                                                            <span class=\"category wpr-el-rep-subtitle\">Escrit\u00f3rios e Resid\u00eancias<\/span>\n                                                                                                                <h2 class=\"title wpr-el-rep-title\">Real Estate<\/h2>\n                                                                                                                <p class=\"wpr-el-rep-desc\">Desenvolvemos projetos de vanguarda que redefinem a forma de viver, conectar e trabalhar. Nossa vis\u00e3o transcende a constru\u00e7\u00e3o de espa\u00e7os; projetamos ecossistemas vivos, elevando a qualidade de vida das pessoas e gerando um impacto positivo no desenvolvimento territorial da regi\u00e3o. <\/p>\n                                                                    <\/div>\n\n                                                                    <a\n                                        href=\"https:\/\/oasis.presidente.com.ar\/\"\n                                        data-type=\"ajax-load\"\n                                        class=\"slide-arrow magnetize wpr-el-rep-btn\">\n                                        <div class=\"circle\" data-cursor-type=\"medium\"><\/div>\n                                        <i class=\"fas fa-chevron-right\"><\/i>\n                                        <div class=\"spine\" data-cursor-type=\"medium\"><\/div>\n                                    <\/a>\n                                                            <\/div>\n                                                    <!-- Slide Content -->\n                            <div class=\"swiper-slide\">\n                                <div class=\"slide-content\">\n                                                                            <span class=\"category wpr-el-rep-subtitle\">Centros Comerciais<\/span>\n                                                                                                                <h2 class=\"title wpr-el-rep-title\">Retail<\/h2>\n                                                                                                                <p class=\"wpr-el-rep-desc\">Transformamos o conceito de 'ir \u00e0s compras' em uma experi\u00eancia integral, criando pontos de encontro din\u00e2micos onde a gastronomia, os servi\u00e7os e as tend\u00eancias convergem. Gra\u00e7as \u00e0 nossa curadoria de marcas, convertemos cada metro quadrado em uma oportunidade de intera\u00e7\u00e3o. Nossa gest\u00e3o foca em potencializar o valor de cada parceiro comercial, consolidando um ambiente de alta performance e vanguarda.  \n\n\n<\/p>\n                                                                    <\/div>\n\n                                                                    <a\n                                        href=\"https:\/\/palmares.com.ar\/\"\n                                        data-type=\"ajax-load\"\n                                        class=\"slide-arrow magnetize wpr-el-rep-btn\">\n                                        <div class=\"circle\" data-cursor-type=\"medium\"><\/div>\n                                        <i class=\"fas fa-chevron-right\"><\/i>\n                                        <div class=\"spine\" data-cursor-type=\"medium\"><\/div>\n                                    <\/a>\n                                                            <\/div>\n                                                    <!-- Slide Content -->\n                            <div class=\"swiper-slide\">\n                                <div class=\"slide-content\">\n                                                                            <span class=\"category wpr-el-rep-subtitle\">Hotel 5 Estrelas<\/span>\n                                                                                                                <h2 class=\"title wpr-el-rep-title\">Hotelaria<\/h2>\n                                                                                                                <p class=\"wpr-el-rep-desc\">Elevamos os padr\u00f5es de hospitalidade, transformando cada estadia em uma experi\u00eancia memor\u00e1vel. Especializamo-nos na gest\u00e3o de ativos hoteleiros de alto padr\u00e3o, onde a sofistica\u00e7\u00e3o e o servi\u00e7o personalizado se fundem para criar experi\u00eancias \u00fanicas. O luxo \u00e9 a base sobre a qual constru\u00edmos ambientes exclusivos projetados para a alta performance, garantindo prest\u00edgio e bem-estar em cada intera\u00e7\u00e3o. Transformamos a hospitalidade em uma plataforma de conex\u00e3o e conforto para o mundo dos neg\u00f3cios e o turismo de luxo. \n<\/p>\n                                                                    <\/div>\n\n                                                                    <a\n                                        href=\"https:\/\/www.diplomatichotel.com.ar\/\"\n                                        data-type=\"ajax-load\"\n                                        class=\"slide-arrow magnetize wpr-el-rep-btn\">\n                                        <div class=\"circle\" data-cursor-type=\"medium\"><\/div>\n                                        <i class=\"fas fa-chevron-right\"><\/i>\n                                        <div class=\"spine\" data-cursor-type=\"medium\"><\/div>\n                                    <\/a>\n                                                            <\/div>\n                                                    <!-- Slide Content -->\n                            <div class=\"swiper-slide\">\n                                <div class=\"slide-content\">\n                                                                            <span class=\"category wpr-el-rep-subtitle\">Rede de Concession\u00e1rias<\/span>\n                                                                                                                <h2 class=\"title wpr-el-rep-title\">Automotivo<\/h2>\n                                                                                                                <p class=\"wpr-el-rep-desc\">Impulsionamos uma nova forma de se movimentar por meio de solu\u00e7\u00f5es de mobilidade inteligente, eficiente e sustent\u00e1vel. Nossa rede de concession\u00e1rias AVANIM combina o respaldo de marcas internacionais com uma proposta integral que abrange desde ve\u00edculos h\u00edbridos, el\u00e9tricos e a combust\u00e3o. Trabalhamos com marcas l\u00edderes com um servi\u00e7o de p\u00f3s-venda de excel\u00eancia, garantindo continuidade e efici\u00eancia.  \n\n\n<\/p>\n                                                                    <\/div>\n\n                                                                    <a\n                                        href=\"https:\/\/avanim.com.ar\/\"\n                                        data-type=\"ajax-load\"\n                                        class=\"slide-arrow magnetize wpr-el-rep-btn\">\n                                        <div class=\"circle\" data-cursor-type=\"medium\"><\/div>\n                                        <i class=\"fas fa-chevron-right\"><\/i>\n                                        <div class=\"spine\" data-cursor-type=\"medium\"><\/div>\n                                    <\/a>\n                                                            <\/div>\n                                                    <!-- Slide Content -->\n                            <div class=\"swiper-slide\">\n                                <div class=\"slide-content\">\n                                                                            <span class=\"category wpr-el-rep-subtitle\">Produ\u00e7\u00e3o Sustent\u00e1vel<\/span>\n                                                                                                                <h2 class=\"title wpr-el-rep-title\">Agrobusiness<\/h2>\n                                                                                                                <p class=\"wpr-el-rep-desc\">Transformamos o potencial da terra por meio de uma gest\u00e3o agr\u00edcola de alta precis\u00e3o e tecnologia de ponta. Aplicamos uma vis\u00e3o de futuro baseada na sustentabilidade e no manejo consciente dos recursos, convertendo a tradi\u00e7\u00e3o agr\u00edcola em uma ind\u00fastria inteligente especializada na produ\u00e7\u00e3o em escala com um olhar global. \n\n<\/p>\n                                                                    <\/div>\n\n                                                                    <a\n                                        href=\"https:\/\/www.instagram.com\/farmingpresidente\/\"\n                                        data-type=\"ajax-load\"\n                                        class=\"slide-arrow magnetize wpr-el-rep-btn\">\n                                        <div class=\"circle\" data-cursor-type=\"medium\"><\/div>\n                                        <i class=\"fas fa-chevron-right\"><\/i>\n                                        <div class=\"spine\" data-cursor-type=\"medium\"><\/div>\n                                    <\/a>\n                                                            <\/div>\n                                            <\/div>\n\n                    <div class=\"bullets\">\n                        <ul><\/ul>\n                    <\/div>\n\n                    <!-- Slide Images\/Videos -->\n                    <div class=\"slider-images overlays\">\n                        <ul>\n                                                                                                \n                                    <li data-bg-src=\"https:\/\/grupopresidente.com.ar\/wp-content\/uploads\/2026\/02\/Hom_hub_0003_4-HOME-Real-Estate.jpg\"><\/li>\n\n                                                                                                                                \n                                    <li data-bg-src=\"https:\/\/grupopresidente.com.ar\/wp-content\/uploads\/2026\/02\/Hub_Palmares.webp\"><\/li>\n\n                                                                                                                                \n                                    <li data-bg-src=\"https:\/\/grupopresidente.com.ar\/wp-content\/uploads\/2026\/02\/Hoteleria-2.webp\"><\/li>\n\n                                                                                                                                \n                                    <li data-bg-src=\"https:\/\/grupopresidente.com.ar\/wp-content\/uploads\/2026\/02\/Hom_hub_0001_7-HOME-avanim.jpg\"><\/li>\n\n                                                                                                                                \n                                    <li data-bg-src=\"https:\/\/grupopresidente.com.ar\/wp-content\/uploads\/2026\/02\/Hom_hub_0000_8-HOME-Presidente-Farming.jpg\"><\/li>\n\n                                                                                    <\/ul>\n                    <\/div>\n                <\/div>\n            <\/div>\n\n        \t\t\t\t<\/div>\n\t\t\t\t<\/div>\n\t\t\t\t<\/div>\n\t\t<div class=\"elementor-element elementor-element-490bc956 e-flex e-con-boxed e-con e-parent\" data-id=\"490bc956\" data-element_type=\"container\" data-e-type=\"container\">\n\t\t\t\t\t<div class=\"e-con-inner\">\n\t\t\t\t<div class=\"elementor-element elementor-element-50a43da2 elementor-widget elementor-widget-html\" data-id=\"50a43da2\" data-element_type=\"widget\" data-e-type=\"widget\" data-widget_type=\"html.default\">\n\t\t\t\t\t<script>(function() {\n    const slideToTarget = () => {\n        const urlParams = new URLSearchParams(window.location.search);\n        const slideIndex = parseInt(urlParams.get('slide'));\n\n        if (!isNaN(slideIndex)) {\n            let attempts = 0;\n            const maxAttempts = 20;\n\n            const checkSlider = setInterval(() => {\n                \/\/ Buscamos el contenedor del slider (clase est\u00e1ndar de Swiper)\n                const sliderEl = document.querySelector('.swiper-container, .swiper');\n                \n                if (sliderEl && sliderEl.swiper) {\n                    \/\/ Accedemos a la API interna del slider para moverlo\n                    sliderEl.swiper.slideTo(slideIndex, 800); \n                    clearInterval(checkSlider);\n                }\n\n                attempts++;\n                if (attempts >= maxAttempts) clearInterval(checkSlider);\n            }, 300);\n        }\n    };\n\n    window.addEventListener('load', slideToTarget);\n})();\n<\/script>\t\t\t\t<\/div>\n\t\t\t\t\t<\/div>\n\t\t\t\t<\/div>\n\t\t\t\t<\/div>\n\t\t","protected":false},"excerpt":{"rendered":"<p>Escrit\u00f3rios e Resid\u00eancias Real Estate Desenvolvemos projetos de vanguarda que redefinem a forma de viver, conectar e trabalhar. Nossa vis\u00e3o transcende a constru\u00e7\u00e3o de espa\u00e7os; projetamos ecossistemas vivos, elevando a qualidade de vida das pessoas e gerando um impacto positivo no desenvolvimento territorial da regi\u00e3o. Centros Comerciais Retail Transformamos o conceito de &#8216;ir \u00e0s compras&#8217; [&hellip;]<\/p>\n","protected":false},"author":1,"featured_media":0,"parent":0,"menu_order":0,"comment_status":"closed","ping_status":"closed","template":"elementor_header_footer","meta":{"_acf_changed":false,"footnotes":""},"class_list":["post-4761","page","type-page","status-publish","hentry"],"acf":[],"aioseo_notices":[],"_hostinger_reach_plugin_has_subscription_block":false,"_hostinger_reach_plugin_is_elementor":false,"_links":{"self":[{"href":"https:\/\/grupopresidente.com.ar\/pt-br\/wp-json\/wp\/v2\/pages\/4761","targetHints":{"allow":["GET"]}}],"collection":[{"href":"https:\/\/grupopresidente.com.ar\/pt-br\/wp-json\/wp\/v2\/pages"}],"about":[{"href":"https:\/\/grupopresidente.com.ar\/pt-br\/wp-json\/wp\/v2\/types\/page"}],"author":[{"embeddable":true,"href":"https:\/\/grupopresidente.com.ar\/pt-br\/wp-json\/wp\/v2\/users\/1"}],"replies":[{"embeddable":true,"href":"https:\/\/grupopresidente.com.ar\/pt-br\/wp-json\/wp\/v2\/comments?post=4761"}],"version-history":[{"count":2,"href":"https:\/\/grupopresidente.com.ar\/pt-br\/wp-json\/wp\/v2\/pages\/4761\/revisions"}],"predecessor-version":[{"id":5391,"href":"https:\/\/grupopresidente.com.ar\/pt-br\/wp-json\/wp\/v2\/pages\/4761\/revisions\/5391"}],"wp:attachment":[{"href":"https:\/\/grupopresidente.com.ar\/pt-br\/wp-json\/wp\/v2\/media?parent=4761"}],"curies":[{"name":"wp","href":"https:\/\/api.w.org\/{rel}","templated":true}]}}