{"id":4772,"date":"2025-08-24T11:08:40","date_gmt":"2025-08-24T11:08:40","guid":{"rendered":"https:\/\/grupopresidente.com.ar\/novidades\/"},"modified":"2026-03-11T18:15:53","modified_gmt":"2026-03-11T18:15:53","slug":"novidades","status":"publish","type":"page","link":"https:\/\/grupopresidente.com.ar\/pt-br\/novidades\/","title":{"rendered":"Novidades"},"content":{"rendered":"\t\t<div data-elementor-type=\"wp-page\" data-elementor-id=\"4772\" class=\"elementor elementor-4772 elementor-3323\" data-elementor-post-type=\"page\">\n\t\t\t\t<div class=\"elementor-element elementor-element-4295a04 e-con-full e-flex e-con e-parent\" data-id=\"4295a04\" data-element_type=\"container\" data-e-type=\"container\">\n\t\t<div class=\"elementor-element elementor-element-6451f87 e-grid e-con-full e-con e-child\" data-id=\"6451f87\" data-element_type=\"container\" data-e-type=\"container\">\n\t\t<div class=\"elementor-element elementor-element-87047eb e-con-full e-flex e-con e-child\" data-id=\"87047eb\" data-element_type=\"container\" data-e-type=\"container\">\n\t\t\t\t<div class=\"elementor-element elementor-element-297ff47 elementor-widget elementor-widget-wpr-heading\" data-id=\"297ff47\" data-element_type=\"widget\" data-e-type=\"widget\" data-widget_type=\"wpr-heading.default\">\n\t\t\t\t<div class=\"elementor-widget-container\">\n\t\t\t\t\t\n\t\t\n\t\t\t<div class=\"section-header v2 about-2__content right-content wpr-align-box wpr-el-section\">\n\t\t\t\t\t\t\t\t\t<span class=\"section-sub-title wpr-el-subtitle\">\n\t\t\t\t\t\tBLOG\t\t\t\t\t<\/span>\n\t\t\t\t\n\t\t\t\t<h2 class=\"wpr-el-title section-title tp_text_invert\">NOT\u00cdCIAS E NOVIDADES<br> DO GRUPO<\/h2>\n\t\t\t\t\t\t\t\t\t<p class=\"wpr-el-content\">\n\t\t\t\t\t\tConhe\u00e7a as hist\u00f3rias e os projetos por tr\u00e1s das nossas marcas.\t\t\t\t\t<\/p>\n\t\t\t\t\t\t\t<\/div>\n\n\t\t\t\t<\/div>\n\t\t\t\t<\/div>\n\t\t\t\t<div class=\"elementor-element elementor-element-7a3f975 elementor-widget elementor-widget-wpr-blog-post\" data-id=\"7a3f975\" data-element_type=\"widget\" data-e-type=\"widget\" data-widget_type=\"wpr-blog-post.default\">\n\t\t\t\t<div class=\"elementor-widget-container\">\n\t\t\t\t\t\n        \n            <div class=\"row g-4 \">\n                                <div class=\"col-xl-12 col-lg-12 col-md-12 col-sm-12 col-12\">\n                    <div class=\"blog-2__item fade-anim\" data-delay=\"0.45\">\n                                                <div class=\"blog-thumb\">\n                            <a href=\"https:\/\/grupopresidente.com.ar\/pt-br\/oasis-a-evolucao-do-morar-premium\/\" class=\"wpr-el-avator\">\n                                <img fetchpriority=\"high\" decoding=\"async\" width=\"1150\" height=\"580\" src=\"https:\/\/grupopresidente.com.ar\/wp-content\/uploads\/2026\/02\/Oasis-Blog.webp\" class=\"w-100 wp-post-image\" alt=\"\" \/>                            <\/a> \n\n                                                        <div class=\"blog-date wpr-el-date\">\n                                20                                <span class=\"month\">fevereiro<\/span>\n                            <\/div>\n                                                    <\/div>\n                        \n                        <div class=\"blog-content\">\n                                                        <span>\n                                <a href=\"https:\/\/grupopresidente.com.ar\/pt-br\/category\/mercado-imobiliario\/\" class=\"blog-sub-title wpr-el-cat\">\n                                    Mercado Imobili\u00e1rio                                <\/a>\n                            <\/span>\n                            \n                                                        <h5 class=\"blog-title wpr-el-title\">\n                                <a href=\"https:\/\/grupopresidente.com.ar\/pt-br\/oasis-a-evolucao-do-morar-premium\/\">\n                                    Oasis: A evolu\u00e7\u00e3o do morar premium                                <\/a>\n                            <\/h5>\n                                                    <\/div>\n                    <\/div>\n                <\/div>\n                                <div class=\"col-xl-12 col-lg-12 col-md-12 col-sm-12 col-12\">\n                    <div class=\"blog-2__item fade-anim\" data-delay=\"0.60\">\n                                                <div class=\"blog-thumb\">\n                            <a href=\"https:\/\/grupopresidente.com.ar\/pt-br\/avanim-revoluciona-a-mobilidade-em-cuyo-com-a-chegada-da-gwm-e-mitsubishi\/\" class=\"wpr-el-avator\">\n                                <img decoding=\"async\" width=\"1150\" height=\"580\" src=\"https:\/\/grupopresidente.com.ar\/wp-content\/uploads\/2026\/02\/Avanim-Blog.webp\" class=\"w-100 wp-post-image\" alt=\"\" \/>                            <\/a> \n\n                                                        <div class=\"blog-date wpr-el-date\">\n                                13                                <span class=\"month\">setembro<\/span>\n                            <\/div>\n                                                    <\/div>\n                        \n                        <div class=\"blog-content\">\n                                                        <span>\n                                <a href=\"https:\/\/grupopresidente.com.ar\/pt-br\/category\/automotivo\/\" class=\"blog-sub-title wpr-el-cat\">\n                                    Automotivo                                <\/a>\n                            <\/span>\n                            \n                                                        <h5 class=\"blog-title wpr-el-title\">\n                                <a href=\"https:\/\/grupopresidente.com.ar\/pt-br\/avanim-revoluciona-a-mobilidade-em-cuyo-com-a-chegada-da-gwm-e-mitsubishi\/\">\n                                    Avanim revoluciona a mobilidade em Cuyo                                <\/a>\n                            <\/h5>\n                                                    <\/div>\n                    <\/div>\n                <\/div>\n                                <div class=\"col-xl-12 col-lg-12 col-md-12 col-sm-12 col-12\">\n                    <div class=\"blog-2__item fade-anim\" data-delay=\"0.75\">\n                                                <div class=\"blog-thumb\">\n                            <a href=\"https:\/\/grupopresidente.com.ar\/pt-br\/avatar-a-evolucao-do-ambiente-corporativo-em-mendoza\/\" class=\"wpr-el-avator\">\n                                <img decoding=\"async\" width=\"1150\" height=\"580\" src=\"https:\/\/grupopresidente.com.ar\/wp-content\/uploads\/2025\/08\/Avatar-Blog.webp\" class=\"w-100 wp-post-image\" alt=\"\" \/>                            <\/a> \n\n                                                        <div class=\"blog-date wpr-el-date\">\n                                11                                <span class=\"month\">agosto<\/span>\n                            <\/div>\n                                                    <\/div>\n                        \n                        <div class=\"blog-content\">\n                                                        <span>\n                                <a href=\"https:\/\/grupopresidente.com.ar\/pt-br\/category\/mercado-imobiliario\/\" class=\"blog-sub-title wpr-el-cat\">\n                                    Mercado Imobili\u00e1rio                                <\/a>\n                            <\/span>\n                            \n                                                        <h5 class=\"blog-title wpr-el-title\">\n                                <a href=\"https:\/\/grupopresidente.com.ar\/pt-br\/avatar-a-evolucao-do-ambiente-corporativo-em-mendoza\/\">\n                                    Avatar: A evolu\u00e7\u00e3o do ambiente corporativo                                <\/a>\n                            <\/h5>\n                                                    <\/div>\n                    <\/div>\n                <\/div>\n                                <div class=\"col-xl-12 col-lg-12 col-md-12 col-sm-12 col-12\">\n                    <div class=\"blog-2__item fade-anim\" data-delay=\"0.90\">\n                                                <div class=\"blog-thumb\">\n                            <a href=\"https:\/\/grupopresidente.com.ar\/pt-br\/sportclub-palmares-a-evolucao-do-wellness-no-ecossistema-da-presidente\/\" class=\"wpr-el-avator\">\n                                <img loading=\"lazy\" decoding=\"async\" width=\"1150\" height=\"580\" src=\"https:\/\/grupopresidente.com.ar\/wp-content\/uploads\/2026\/02\/Sport-Club-Blog.webp\" class=\"w-100 wp-post-image\" alt=\"\" \/>                            <\/a> \n\n                                                        <div class=\"blog-date wpr-el-date\">\n                                4                                <span class=\"month\">maio<\/span>\n                            <\/div>\n                                                    <\/div>\n                        \n                        <div class=\"blog-content\">\n                                                        <span>\n                                <a href=\"https:\/\/grupopresidente.com.ar\/pt-br\/category\/varejo\/\" class=\"blog-sub-title wpr-el-cat\">\n                                    Varejo                                <\/a>\n                            <\/span>\n                            \n                                                        <h5 class=\"blog-title wpr-el-title\">\n                                <a href=\"https:\/\/grupopresidente.com.ar\/pt-br\/sportclub-palmares-a-evolucao-do-wellness-no-ecossistema-da-presidente\/\">\n                                    SportClub Palmares: A evolu\u00e7\u00e3o do Wellness                                <\/a>\n                            <\/h5>\n                                                    <\/div>\n                    <\/div>\n                <\/div>\n                \n            <\/div>\n\n\n\t\t\t\t<\/div>\n\t\t\t\t<\/div>\n\t\t\t\t<\/div>\n\t\t\t\t<\/div>\n\t\t<div class=\"elementor-element elementor-element-9dade19 e-grid e-con-full e-con e-child\" data-id=\"9dade19\" data-element_type=\"container\" data-e-type=\"container\">\n\t\t\t\t<div class=\"elementor-element elementor-element-ad5ed37 elementor-widget elementor-widget-sidebar\" data-id=\"ad5ed37\" data-element_type=\"widget\" data-e-type=\"widget\" data-widget_type=\"sidebar.default\">\n\t\t\t\t\t<div id=\"categories-2\" class=\"wpr-sidebar-widget sidebar__widget widget widget_categories\"><h5 class=\"widget_title\">Categorias<\/h5>\n\t\t\t<ul>\n\t\t\t\t\t<li class=\"cat-item cat-item-63\"><a href=\"https:\/\/grupopresidente.com.ar\/pt-br\/category\/automotivo\/\">Automotivo<\/a>\n<\/li>\n\t<li class=\"cat-item cat-item-61\"><a href=\"https:\/\/grupopresidente.com.ar\/pt-br\/category\/mercado-imobiliario\/\">Mercado Imobili\u00e1rio<\/a>\n<\/li>\n\t<li class=\"cat-item cat-item-57\"><a href=\"https:\/\/grupopresidente.com.ar\/pt-br\/category\/varejo\/\">Varejo<\/a>\n<\/li>\n\t\t\t<\/ul>\n\n\t\t\t<\/div><div id=\"tp-latest-posts-1\" class=\"wpr-sidebar-widget sidebar__widget widget widget_tp-latest-posts\">\n\t\t<h5 class=\"widget_title\">\t\t\tArtigos recentes\t\t\t<\/h5>\t\t\n\t\t\t<div class=\"recent-posts__wrapper\">\n\t\t\t\t                <article class=\"recent-posts__item\">\n\t\t\t\t\t                    <div class=\"post-thumb\">\n                        <a href=\"https:\/\/grupopresidente.com.ar\/pt-br\/oasis-a-evolucao-do-morar-premium\/\">\n                        \t<img decoding=\"async\" src=\"https:\/\/grupopresidente.com.ar\/wp-content\/uploads\/2026\/02\/Oasis-Blog.webp\" alt=\"Oasis: A evolu\u00e7\u00e3o do morar premium\">\n                        <\/a>\n                    <\/div>\n\t\t\t\t\t\n                    <div class=\"post-content\">\n                        <div class=\"content\">\n                            <div class=\"meta\">\n                              \t<span class=\"category\">20. fev, 2026<\/span>\n                            <\/div>\n                            <h6 class=\"post-title line-clamp-3\">\n                            \t<a href=\"https:\/\/grupopresidente.com.ar\/pt-br\/oasis-a-evolucao-do-morar-premium\/\">Oasis: A evolu\u00e7\u00e3o do morar premium<\/a>\n                            <\/h6>\n                       \t<\/div>\n                    <\/div>\n                <\/article>\n\t\t\t\t                <article class=\"recent-posts__item\">\n\t\t\t\t\t                    <div class=\"post-thumb\">\n                        <a href=\"https:\/\/grupopresidente.com.ar\/pt-br\/avanim-revoluciona-a-mobilidade-em-cuyo-com-a-chegada-da-gwm-e-mitsubishi\/\">\n                        \t<img decoding=\"async\" src=\"https:\/\/grupopresidente.com.ar\/wp-content\/uploads\/2026\/02\/Avanim-Blog.webp\" alt=\"Avanim revoluciona a mobilidade em Cuyo com a chegada da GWM e Mitsubishi.\">\n                        <\/a>\n                    <\/div>\n\t\t\t\t\t\n                    <div class=\"post-content\">\n                        <div class=\"content\">\n                            <div class=\"meta\">\n                              \t<span class=\"category\">13. set, 2025<\/span>\n                            <\/div>\n                            <h6 class=\"post-title line-clamp-3\">\n                            \t<a href=\"https:\/\/grupopresidente.com.ar\/pt-br\/avanim-revoluciona-a-mobilidade-em-cuyo-com-a-chegada-da-gwm-e-mitsubishi\/\">Avanim revoluciona a mobilidade em Cuyo<\/a>\n                            <\/h6>\n                       \t<\/div>\n                    <\/div>\n                <\/article>\n\t\t\t\t                <article class=\"recent-posts__item\">\n\t\t\t\t\t                    <div class=\"post-thumb\">\n                        <a href=\"https:\/\/grupopresidente.com.ar\/pt-br\/avatar-a-evolucao-do-ambiente-corporativo-em-mendoza\/\">\n                        \t<img decoding=\"async\" src=\"https:\/\/grupopresidente.com.ar\/wp-content\/uploads\/2025\/08\/Avatar-Blog.webp\" alt=\"Avatar: A evolu\u00e7\u00e3o do ambiente corporativo em Mendoza\">\n                        <\/a>\n                    <\/div>\n\t\t\t\t\t\n                    <div class=\"post-content\">\n                        <div class=\"content\">\n                            <div class=\"meta\">\n                              \t<span class=\"category\">11. ago, 2025<\/span>\n                            <\/div>\n                            <h6 class=\"post-title line-clamp-3\">\n                            \t<a href=\"https:\/\/grupopresidente.com.ar\/pt-br\/avatar-a-evolucao-do-ambiente-corporativo-em-mendoza\/\">Avatar: A evolu\u00e7\u00e3o do ambiente corporativo<\/a>\n                            <\/h6>\n                       \t<\/div>\n                    <\/div>\n                <\/article>\n\t\t\t\t            <\/div>\n\n\n\t\t<\/div>\n\t<div id=\"tag_cloud-1\" class=\"wpr-sidebar-widget sidebar__widget widget widget_tag_cloud\"><h5 class=\"widget_title\">Tags<\/h5><div class=\"tagcloud\"><a href=\"https:\/\/grupopresidente.com.ar\/pt-br\/tag\/atualidade\/\" class=\"tag-cloud-link tag-link-58 tag-link-position-1\" style=\"font-size: 22pt;\" aria-label=\"Atualidade (3 itens)\">Atualidade<\/a>\n<a href=\"https:\/\/grupopresidente.com.ar\/pt-br\/tag\/comunidade\/\" class=\"tag-cloud-link tag-link-59 tag-link-position-2\" style=\"font-size: 16.4pt;\" aria-label=\"Comunidade (2 itens)\">Comunidade<\/a>\n<a href=\"https:\/\/grupopresidente.com.ar\/pt-br\/tag\/inovacao\/\" class=\"tag-cloud-link tag-link-64 tag-link-position-3\" style=\"font-size: 8pt;\" aria-label=\"Inova\u00e7\u00e3o (1 item)\">Inova\u00e7\u00e3o<\/a>\n<a href=\"https:\/\/grupopresidente.com.ar\/pt-br\/tag\/sustentabilidade\/\" class=\"tag-cloud-link tag-link-62 tag-link-position-4\" style=\"font-size: 16.4pt;\" aria-label=\"Sustentabilidade (2 itens)\">Sustentabilidade<\/a><\/div>\n<\/div>\t\t\t\t<\/div>\n\t\t\t\t<\/div>\n\t\t\t\t<\/div>\n\t\t\t\t<\/div>\n\t\t","protected":false},"excerpt":{"rendered":"<p>BLOG NOT\u00cdCIAS E NOVIDADES DO GRUPO Conhe\u00e7a as hist\u00f3rias e os projetos por tr\u00e1s das nossas marcas. 20 febrero Real Estate Oasis: La evoluci\u00f3n del habitar premium 13 septiembre Automotriz Avanim revoluciona la movilidad en Cuyo 11 agosto Real Estate Avatar: La evoluci\u00f3n del entorno corporativo 4 mayo Retail SportClub Palmares: La evoluci\u00f3n del Wellness<\/p>\n","protected":false},"author":1,"featured_media":0,"parent":0,"menu_order":0,"comment_status":"closed","ping_status":"closed","template":"","meta":{"_acf_changed":false,"footnotes":""},"class_list":["post-4772","page","type-page","status-publish","hentry"],"acf":[],"aioseo_notices":[],"_hostinger_reach_plugin_has_subscription_block":false,"_hostinger_reach_plugin_is_elementor":false,"_links":{"self":[{"href":"https:\/\/grupopresidente.com.ar\/pt-br\/wp-json\/wp\/v2\/pages\/4772","targetHints":{"allow":["GET"]}}],"collection":[{"href":"https:\/\/grupopresidente.com.ar\/pt-br\/wp-json\/wp\/v2\/pages"}],"about":[{"href":"https:\/\/grupopresidente.com.ar\/pt-br\/wp-json\/wp\/v2\/types\/page"}],"author":[{"embeddable":true,"href":"https:\/\/grupopresidente.com.ar\/pt-br\/wp-json\/wp\/v2\/users\/1"}],"replies":[{"embeddable":true,"href":"https:\/\/grupopresidente.com.ar\/pt-br\/wp-json\/wp\/v2\/comments?post=4772"}],"version-history":[{"count":9,"href":"https:\/\/grupopresidente.com.ar\/pt-br\/wp-json\/wp\/v2\/pages\/4772\/revisions"}],"predecessor-version":[{"id":5385,"href":"https:\/\/grupopresidente.com.ar\/pt-br\/wp-json\/wp\/v2\/pages\/4772\/revisions\/5385"}],"wp:attachment":[{"href":"https:\/\/grupopresidente.com.ar\/pt-br\/wp-json\/wp\/v2\/media?parent=4772"}],"curies":[{"name":"wp","href":"https:\/\/api.w.org\/{rel}","templated":true}]}}